{"id":370,"date":"2017-04-28T17:46:34","date_gmt":"2017-04-28T09:46:34","guid":{"rendered":"https:\/\/macaotaxi.com\/?page_id=370"},"modified":"2024-02-07T15:45:36","modified_gmt":"2024-02-07T07:45:36","slug":"%e6%94%b6%e8%b2%bb%e6%a8%99%e6%ba%96","status":"publish","type":"page","link":"https:\/\/macaotaxi.com\/pt\/%e6%94%b6%e8%b2%bb%e6%a8%99%e6%ba%96\/","title":{"rendered":"Taxa"},"content":{"rendered":"<table style=\"height: 389px;\" width=\"579\">\n<tbody>\n<tr>\n<td style=\"text-align: center;\" colspan=\"2\" width=\"726\">Tarifas fares (MOP)<\/td>\n<\/tr>\n<tr>\n<td>Bandeirada (1600m)<\/td>\n<td>19.00<\/td>\n<\/tr>\n<tr>\n<td>Frac\u00e7\u00f5es (cada 240m)<\/td>\n<td>2.00<\/td>\n<\/tr>\n<tr>\n<td width=\"643\">Espera, em servi\u00e7o(por cada 60 segundos)<\/td>\n<td>2.00<\/td>\n<\/tr>\n<tr>\n<td>Bagagem colocada no porta-bagagem (cada pe\u00e7a)<\/td>\n<td>3.00<\/td>\n<\/tr>\n<tr>\n<td style=\"text-align: center;\" colspan=\"2\" width=\"726\">Taxas adicionais (MOP)<\/td>\n<\/tr>\n<tr>\n<td>Desloca\u00e7\u00e3o Taipa-Coloane<\/td>\n<td>2.00<\/td>\n<\/tr>\n<tr>\n<td>Desloca\u00e7\u00e3o Macau-Coloane<\/td>\n<td>5.00<\/td>\n<\/tr>\n<tr>\n<td>Tomada de T\u00e1xi na pra\u00e7a de t\u00e1xis do\u00a0 novo campus da Universidade de Macau na Ilha de Hengqin\u00a0 ou na Ilha Fronteiri\u00e7a Artificial da Ponte Hong Kong-Zhuhai -Macau<\/td>\n<td>5.00<\/td>\n<\/tr>\n<tr>\n<td width=\"643\">Taxa de chamada do t\u00e1xi especial (aplic\u00e1vel quando o t\u00e1xi chegue dentro de 10 minutos ap\u00f3s a hora marcada)<\/td>\n<td rowspan=\"2\" width=\"83\">5.00<\/td>\n<\/tr>\n<tr>\n<td width=\"643\">Taxa de chamada n\u00e3o aplic\u00e1vel quando se envie, sem o pr\u00e9vio acordo do passageiro, um t\u00e1xi especial de tipo diferente ao solicitado<\/td>\n<\/tr>\n<\/tbody>\n<\/table>\n","protected":false},"excerpt":{"rendered":"<p>Tarifas fares (MOP) Bandeirada (1600m) 19.00 Frac\u00e7\u00f5es (cada 240m) 2.00 Espera, em servi\u00e7o(por cada 60 segundos) 2.00 Bagagem colocada no&hellip;<\/p>\n","protected":false},"author":1,"featured_media":0,"parent":0,"menu_order":0,"comment_status":"closed","ping_status":"closed","template":"","meta":{"footnotes":""},"class_list":["post-370","page","type-page","status-publish","hentry"],"translation":{"provider":"WPGlobus","version":"3.0.2","language":"pt","enabled_languages":["tw","en","pt"],"languages":{"tw":{"title":true,"content":true,"excerpt":false},"en":{"title":true,"content":true,"excerpt":false},"pt":{"title":true,"content":true,"excerpt":false}}},"yoast_head":"<!-- This site is optimized with the Yoast SEO plugin v27.4 - https:\/\/yoast.com\/product\/yoast-seo-wordpress\/ -->\n<title>Taxa - Macau T\u00e1xi<\/title>\n<meta name=\"robots\" content=\"index, follow, max-snippet:-1, max-image-preview:large, max-video-preview:-1\" \/>\n<link rel=\"canonical\" href=\"https:\/\/macaotaxi.com\/\u6536\u8cbb\u6a19\u6e96\/\" \/>\n<meta property=\"og:locale\" content=\"pt_PT\" \/>\n<meta property=\"og:type\" content=\"article\" \/>\n<meta property=\"og:title\" content=\"Taxa - Macau T\u00e1xi\" \/>\n<meta property=\"og:url\" content=\"https:\/\/macaotaxi.com\/\u6536\u8cbb\u6a19\u6e96\/\" \/>\n<meta property=\"og:site_name\" content=\"Macau T\u00e1xi\" \/>\n<meta property=\"article:modified_time\" content=\"2024-02-07T07:45:36+00:00\" \/>\n<meta name=\"twitter:card\" content=\"summary_large_image\" \/>\n<meta name=\"twitter:label1\" content=\"Est. reading time\" \/>\n\t<meta name=\"twitter:data1\" content=\"2 minutes\" \/>\n<script type=\"application\/ld+json\" class=\"yoast-schema-graph\">{\"@context\":\"https:\\\/\\\/schema.org\",\"@graph\":[{\"@type\":\"WebPage\",\"@id\":\"https:\\\/\\\/macaotaxi.com\\\/%e6%94%b6%e8%b2%bb%e6%a8%99%e6%ba%96\\\/\",\"url\":\"https:\\\/\\\/macaotaxi.com\\\/%e6%94%b6%e8%b2%bb%e6%a8%99%e6%ba%96\\\/\",\"name\":\"Taxa - Macau T\u00e1xi\",\"isPartOf\":{\"@id\":\"https:\\\/\\\/macaotaxi.com\\\/#website\"},\"datePublished\":\"2017-04-28T09:46:34+00:00\",\"dateModified\":\"2024-02-07T07:45:36+00:00\",\"breadcrumb\":{\"@id\":\"https:\\\/\\\/macaotaxi.com\\\/%e6%94%b6%e8%b2%bb%e6%a8%99%e6%ba%96\\\/#breadcrumb\"},\"inLanguage\":\"pt-PT\",\"potentialAction\":[{\"@type\":\"ReadAction\",\"target\":[\"https:\\\/\\\/macaotaxi.com\\\/%e6%94%b6%e8%b2%bb%e6%a8%99%e6%ba%96\\\/\"]}]},{\"@type\":\"BreadcrumbList\",\"@id\":\"https:\\\/\\\/macaotaxi.com\\\/%e6%94%b6%e8%b2%bb%e6%a8%99%e6%ba%96\\\/#breadcrumb\",\"itemListElement\":[{\"@type\":\"ListItem\",\"position\":1,\"name\":\"\u9996\u9801\",\"item\":\"https:\\\/\\\/macaotaxi.com\\\/\"},{\"@type\":\"ListItem\",\"position\":2,\"name\":\"\u6536\u8cbb\u6a19\u6e96\"}]},{\"@type\":\"WebSite\",\"@id\":\"https:\\\/\\\/macaotaxi.com\\\/#website\",\"url\":\"https:\\\/\\\/macaotaxi.com\\\/\",\"name\":\"Macau T\u00e1xi\",\"description\":\"Macau T\u00e1xi\",\"potentialAction\":[{\"@type\":\"SearchAction\",\"target\":{\"@type\":\"EntryPoint\",\"urlTemplate\":\"https:\\\/\\\/macaotaxi.com\\\/?s={search_term_string}\"},\"query-input\":{\"@type\":\"PropertyValueSpecification\",\"valueRequired\":true,\"valueName\":\"search_term_string\"}}],\"inLanguage\":\"pt-PT\"}]}<\/script>\n<!-- \/ Yoast SEO plugin. -->","yoast_head_json":{"title":"Taxa - Macau T\u00e1xi","robots":{"index":"index","follow":"follow","max-snippet":"max-snippet:-1","max-image-preview":"max-image-preview:large","max-video-preview":"max-video-preview:-1"},"canonical":"https:\/\/macaotaxi.com\/\u6536\u8cbb\u6a19\u6e96\/","og_locale":"pt_PT","og_type":"article","og_title":"Taxa - Macau T\u00e1xi","og_url":"https:\/\/macaotaxi.com\/\u6536\u8cbb\u6a19\u6e96\/","og_site_name":"Macau T\u00e1xi","article_modified_time":"2024-02-07T07:45:36+00:00","twitter_card":"summary_large_image","twitter_misc":{"Est. reading time":"2 minutes"},"schema":{"@context":"https:\/\/schema.org","@graph":[{"@type":"WebPage","@id":"https:\/\/macaotaxi.com\/%e6%94%b6%e8%b2%bb%e6%a8%99%e6%ba%96\/","url":"https:\/\/macaotaxi.com\/%e6%94%b6%e8%b2%bb%e6%a8%99%e6%ba%96\/","name":"Taxa - Macau T\u00e1xi","isPartOf":{"@id":"https:\/\/macaotaxi.com\/#website"},"datePublished":"2017-04-28T09:46:34+00:00","dateModified":"2024-02-07T07:45:36+00:00","breadcrumb":{"@id":"https:\/\/macaotaxi.com\/%e6%94%b6%e8%b2%bb%e6%a8%99%e6%ba%96\/#breadcrumb"},"inLanguage":"pt-PT","potentialAction":[{"@type":"ReadAction","target":["https:\/\/macaotaxi.com\/%e6%94%b6%e8%b2%bb%e6%a8%99%e6%ba%96\/"]}]},{"@type":"BreadcrumbList","@id":"https:\/\/macaotaxi.com\/%e6%94%b6%e8%b2%bb%e6%a8%99%e6%ba%96\/#breadcrumb","itemListElement":[{"@type":"ListItem","position":1,"name":"\u9996\u9801","item":"https:\/\/macaotaxi.com\/"},{"@type":"ListItem","position":2,"name":"\u6536\u8cbb\u6a19\u6e96"}]},{"@type":"WebSite","@id":"https:\/\/macaotaxi.com\/#website","url":"https:\/\/macaotaxi.com\/","name":"Macau T\u00e1xi","description":"Macau T\u00e1xi","potentialAction":[{"@type":"SearchAction","target":{"@type":"EntryPoint","urlTemplate":"https:\/\/macaotaxi.com\/?s={search_term_string}"},"query-input":{"@type":"PropertyValueSpecification","valueRequired":true,"valueName":"search_term_string"}}],"inLanguage":"pt-PT"}]}},"_links":{"self":[{"href":"https:\/\/macaotaxi.com\/pt\/wp-json\/wp\/v2\/pages\/370","targetHints":{"allow":["GET"]}}],"collection":[{"href":"https:\/\/macaotaxi.com\/pt\/wp-json\/wp\/v2\/pages"}],"about":[{"href":"https:\/\/macaotaxi.com\/pt\/wp-json\/wp\/v2\/types\/page"}],"author":[{"embeddable":true,"href":"https:\/\/macaotaxi.com\/pt\/wp-json\/wp\/v2\/users\/1"}],"replies":[{"embeddable":true,"href":"https:\/\/macaotaxi.com\/pt\/wp-json\/wp\/v2\/comments?post=370"}],"version-history":[{"count":18,"href":"https:\/\/macaotaxi.com\/pt\/wp-json\/wp\/v2\/pages\/370\/revisions"}],"predecessor-version":[{"id":1109,"href":"https:\/\/macaotaxi.com\/pt\/wp-json\/wp\/v2\/pages\/370\/revisions\/1109"}],"wp:attachment":[{"href":"https:\/\/macaotaxi.com\/pt\/wp-json\/wp\/v2\/media?parent=370"}],"curies":[{"name":"wp","href":"https:\/\/api.w.org\/{rel}","templated":true}]}}